{"id":2,"date":"2025-05-19T18:02:44","date_gmt":"2025-05-19T16:02:44","guid":{"rendered":"http:\/\/vegabonty.com\/?page_id=2"},"modified":"2025-06-16T23:49:46","modified_gmt":"2025-06-16T21:49:46","slug":"nosotros","status":"publish","type":"page","link":"https:\/\/vegabonty.com\/?page_id=2","title":{"rendered":"Nosotros"},"content":{"rendered":"\n<p class=\"wp-block-paragraph\"><\/p>\n\n\n\n<p class=\"wp-block-paragraph\">Elaborar pasteler\u00eda de calidad, amigable con el medio ambiente y 100 % vegana . Sin colorantes, conservantes ni aditivos.<br><br>Nuestros productos se elaboran sin derivados de origen animal: sin lactosa, sin huevos, sin miel de abejas ya que estamos convencidos que todo lo que producimos debe ser lo mas inocuo posible para el planeta y los dem\u00e1s seres vivos.<br><br>Dentro de nuestras preparaciones encontraran frutas, verduras, frutos secos, cereales, semillas, legumbres en diversas combinaciones y aplicando t\u00e9cnicas culinarias para dar lugar a diferentes y deliciosos postres.<br><br>Adem\u00e1s utilizamos diferentes tipos de harinas, elaborando tambi\u00e9n productos sin gluten pero con trazas ya que nuestro obrador no es gluten free.<br><\/p>\n\n\n\n<blockquote class=\"wp-block-quote is-layout-flow wp-block-quote-is-layout-flow\">\n<p class=\"wp-block-paragraph\">Vegabonty nacio, hace mas de 4 a\u00f1os y hoy continuando con su filosof\u00eda, su due\u00f1a es la responsable de mantener , mejorar y superar la calidad de los productos y seguir innovando en la pasteler\u00eda vegana .<\/p>\n<\/blockquote>\n\n\n\n<p class=\"wp-block-paragraph\"><\/p>\n\n\n\n<hr class=\"wp-block-separator has-alpha-channel-opacity\"\/>\n\n\n\n<h4 class=\"wp-block-heading\">Presentaci\u00f3n personal<\/h4>\n\n\n<div class=\"wp-block-image\">\n<figure class=\"alignright size-large is-resized\"><img loading=\"lazy\" decoding=\"async\" width=\"1024\" height=\"685\" src=\"https:\/\/vegabonty.com\/wp-content\/uploads\/2016\/12\/autumn-1874016_12801-1-1024x685.jpg\" alt=\"\" class=\"wp-image-333\" style=\"width:262px;height:auto\" srcset=\"https:\/\/vegabonty.com\/wp-content\/uploads\/2016\/12\/autumn-1874016_12801-1-1024x685.jpg 1024w, https:\/\/vegabonty.com\/wp-content\/uploads\/2016\/12\/autumn-1874016_12801-1-416x278.jpg 416w, https:\/\/vegabonty.com\/wp-content\/uploads\/2016\/12\/autumn-1874016_12801-1-300x201.jpg 300w, https:\/\/vegabonty.com\/wp-content\/uploads\/2016\/12\/autumn-1874016_12801-1-768x514.jpg 768w, https:\/\/vegabonty.com\/wp-content\/uploads\/2016\/12\/autumn-1874016_12801-1-600x400.jpg 600w, https:\/\/vegabonty.com\/wp-content\/uploads\/2016\/12\/autumn-1874016_12801-1.jpg 1280w\" sizes=\"auto, (max-width: 1024px) 100vw, 1024px\" \/><\/figure>\n<\/div>\n\n\n<p class=\"wp-block-paragraph\">Lorena es Biotecn\u00f3loga y Pastelera profesional, con lo cual no solo ama fabricar nuevas recetas  sino que tambi\u00e9n conoce a fondo la trastienda de cada alimento que utiliza para dar lugar a un nuevo dulce.<br><br>Se recibi\u00f3 de su carrera de Biotecnolog\u00eda con orientaci\u00f3n gen\u00e9tica en el a\u00f1o 2003 y luego de pasar por varios laboratorios de investigaci\u00f3n dentro de los cuales practicaba biotecnolog\u00eda vegetal decidi\u00f3 dar paso a su hobby m\u00e1s noble, la pasteler\u00eda. Hoy la pasteler\u00eda VEGANA es su desaf\u00edo m\u00e1s grande ya que desea ofrecer productos de alta calidad sin lactosa o derivados de origen animal.<br><br>Ella fabrica productos para y por ustedes d\u00e1ndoles especial lugar a lo que sus clientes prefieren, escuchando sus necesidades, sabores preferenciales y deseos.<\/p>\n\n\n\n<h4 class=\"wp-block-heading\">Sobre la empresa<\/h4>\n\n\n\n<blockquote class=\"wp-block-quote is-layout-flow wp-block-quote-is-layout-flow\">\n<p class=\"wp-block-paragraph\">Hemos nacido como una peque\u00f1a empresa en Fuengirola, M\u00e1laga con tienda de atenci\u00f3n al publico y obrador. Actualmente distribuimos nuestros productos a nivel regional y nacional, y continuaremos trabajando con muchas ganas, para seguir creciendo&#8230;<\/p>\n<\/blockquote>\n\n\n<div class=\"wp-block-image\">\n<figure class=\"alignleft size-large is-resized\"><img loading=\"lazy\" decoding=\"async\" width=\"876\" height=\"1024\" src=\"https:\/\/vegabonty.com\/wp-content\/uploads\/2025\/06\/foto-876x1024.jpg\" alt=\"\" class=\"wp-image-886\" style=\"aspect-ratio:0.8554722742730239;width:263px;height:auto\" srcset=\"https:\/\/vegabonty.com\/wp-content\/uploads\/2025\/06\/foto-876x1024.jpg 876w, https:\/\/vegabonty.com\/wp-content\/uploads\/2025\/06\/foto-257x300.jpg 257w, https:\/\/vegabonty.com\/wp-content\/uploads\/2025\/06\/foto-768x897.jpg 768w, https:\/\/vegabonty.com\/wp-content\/uploads\/2025\/06\/foto-1315x1536.jpg 1315w, https:\/\/vegabonty.com\/wp-content\/uploads\/2025\/06\/foto-1753x2048.jpg 1753w, https:\/\/vegabonty.com\/wp-content\/uploads\/2025\/06\/foto-416x486.jpg 416w\" sizes=\"auto, (max-width: 876px) 100vw, 876px\" \/><\/figure>\n<\/div>\n\n\n<p class=\"wp-block-paragraph\">Trabajamos con mucho esfuerzo ofreciendo productos  elaborados con las mejores materias primas, siempre enfocados en que esos productos  marquen la diferencia en cuanto a sabor, presentaci\u00f3n y calidad.<\/p>\n\n\n\n<p class=\"wp-block-paragraph\">Prestamos mucha atenci\u00f3n a la relaci\u00f3n con nuestros clientes, escuchando sus propuestas cuando quieren nuevos productos o cuando nos piden desarrollar postres a medida para sus tiendas o clientes, nos encanta la pasteler\u00eda y nos encanta seguir creciendo junto a ustedes.<\/p>\n\n\n\n<p class=\"wp-block-paragraph\"><\/p>\n","protected":false},"excerpt":{"rendered":"<p>Elaborar pasteler\u00eda de calidad, amigable con el medio ambiente y 100 % vegana . Sin colorantes, conservantes ni aditivos. Nuestros productos se elaboran sin derivados de origen animal: sin lactosa, sin huevos, sin miel de abejas ya que estamos convencidos que todo lo que producimos debe ser lo mas inocuo posible para el planeta y [&hellip;]<\/p>\n","protected":false},"author":1,"featured_media":0,"parent":0,"menu_order":0,"comment_status":"closed","ping_status":"closed","template":"","meta":{"_crdt_document":"","footnotes":""},"class_list":["post-2","page","type-page","status-publish","hentry"],"yoast_head":"<!-- This site is optimized with the Yoast SEO plugin v27.4 - https:\/\/yoast.com\/product\/yoast-seo-wordpress\/ -->\n<title>Nosotros -<\/title>\n<meta name=\"robots\" content=\"index, follow, max-snippet:-1, max-image-preview:large, max-video-preview:-1\" \/>\n<link rel=\"canonical\" href=\"https:\/\/vegabonty.com\/?page_id=2\" \/>\n<meta property=\"og:locale\" content=\"es_ES\" \/>\n<meta property=\"og:type\" content=\"article\" \/>\n<meta property=\"og:title\" content=\"Nosotros -\" \/>\n<meta property=\"og:description\" content=\"Elaborar pasteler\u00eda de calidad, amigable con el medio ambiente y 100 % vegana . Sin colorantes, conservantes ni aditivos. Nuestros productos se elaboran sin derivados de origen animal: sin lactosa, sin huevos, sin miel de abejas ya que estamos convencidos que todo lo que producimos debe ser lo mas inocuo posible para el planeta y [&hellip;]\" \/>\n<meta property=\"og:url\" content=\"https:\/\/vegabonty.com\/?page_id=2\" \/>\n<meta property=\"article:modified_time\" content=\"2025-06-16T21:49:46+00:00\" \/>\n<meta property=\"og:image\" content=\"http:\/\/vegabonty.com\/wp-content\/uploads\/2016\/12\/autumn-1874016_12801-1-1024x685.jpg\" \/>\n<meta name=\"twitter:card\" content=\"summary_large_image\" \/>\n<meta name=\"twitter:label1\" content=\"Tiempo de lectura\" \/>\n\t<meta name=\"twitter:data1\" content=\"2 minutos\" \/>\n<script type=\"application\/ld+json\" class=\"yoast-schema-graph\">{\"@context\":\"https:\\\/\\\/schema.org\",\"@graph\":[{\"@type\":\"WebPage\",\"@id\":\"https:\\\/\\\/vegabonty.com\\\/?page_id=2\",\"url\":\"https:\\\/\\\/vegabonty.com\\\/?page_id=2\",\"name\":\"Nosotros -\",\"isPartOf\":{\"@id\":\"https:\\\/\\\/vegabonty.com\\\/#website\"},\"primaryImageOfPage\":{\"@id\":\"https:\\\/\\\/vegabonty.com\\\/?page_id=2#primaryimage\"},\"image\":{\"@id\":\"https:\\\/\\\/vegabonty.com\\\/?page_id=2#primaryimage\"},\"thumbnailUrl\":\"http:\\\/\\\/vegabonty.com\\\/wp-content\\\/uploads\\\/2016\\\/12\\\/autumn-1874016_12801-1-1024x685.jpg\",\"datePublished\":\"2025-05-19T16:02:44+00:00\",\"dateModified\":\"2025-06-16T21:49:46+00:00\",\"breadcrumb\":{\"@id\":\"https:\\\/\\\/vegabonty.com\\\/?page_id=2#breadcrumb\"},\"inLanguage\":\"es\",\"potentialAction\":[{\"@type\":\"ReadAction\",\"target\":[\"https:\\\/\\\/vegabonty.com\\\/?page_id=2\"]}]},{\"@type\":\"ImageObject\",\"inLanguage\":\"es\",\"@id\":\"https:\\\/\\\/vegabonty.com\\\/?page_id=2#primaryimage\",\"url\":\"http:\\\/\\\/vegabonty.com\\\/wp-content\\\/uploads\\\/2016\\\/12\\\/autumn-1874016_12801-1-1024x685.jpg\",\"contentUrl\":\"http:\\\/\\\/vegabonty.com\\\/wp-content\\\/uploads\\\/2016\\\/12\\\/autumn-1874016_12801-1-1024x685.jpg\"},{\"@type\":\"BreadcrumbList\",\"@id\":\"https:\\\/\\\/vegabonty.com\\\/?page_id=2#breadcrumb\",\"itemListElement\":[{\"@type\":\"ListItem\",\"position\":1,\"name\":\"Portada\",\"item\":\"https:\\\/\\\/vegabonty.com\\\/\"},{\"@type\":\"ListItem\",\"position\":2,\"name\":\"Nosotros\"}]},{\"@type\":\"WebSite\",\"@id\":\"https:\\\/\\\/vegabonty.com\\\/#website\",\"url\":\"https:\\\/\\\/vegabonty.com\\\/\",\"name\":\"\",\"description\":\"\",\"potentialAction\":[{\"@type\":\"SearchAction\",\"target\":{\"@type\":\"EntryPoint\",\"urlTemplate\":\"https:\\\/\\\/vegabonty.com\\\/?s={search_term_string}\"},\"query-input\":{\"@type\":\"PropertyValueSpecification\",\"valueRequired\":true,\"valueName\":\"search_term_string\"}}],\"inLanguage\":\"es\"}]}<\/script>\n<!-- \/ Yoast SEO plugin. -->","yoast_head_json":{"title":"Nosotros -","robots":{"index":"index","follow":"follow","max-snippet":"max-snippet:-1","max-image-preview":"max-image-preview:large","max-video-preview":"max-video-preview:-1"},"canonical":"https:\/\/vegabonty.com\/?page_id=2","og_locale":"es_ES","og_type":"article","og_title":"Nosotros -","og_description":"Elaborar pasteler\u00eda de calidad, amigable con el medio ambiente y 100 % vegana . Sin colorantes, conservantes ni aditivos. Nuestros productos se elaboran sin derivados de origen animal: sin lactosa, sin huevos, sin miel de abejas ya que estamos convencidos que todo lo que producimos debe ser lo mas inocuo posible para el planeta y [&hellip;]","og_url":"https:\/\/vegabonty.com\/?page_id=2","article_modified_time":"2025-06-16T21:49:46+00:00","og_image":[{"url":"http:\/\/vegabonty.com\/wp-content\/uploads\/2016\/12\/autumn-1874016_12801-1-1024x685.jpg","type":"","width":"","height":""}],"twitter_card":"summary_large_image","twitter_misc":{"Tiempo de lectura":"2 minutos"},"schema":{"@context":"https:\/\/schema.org","@graph":[{"@type":"WebPage","@id":"https:\/\/vegabonty.com\/?page_id=2","url":"https:\/\/vegabonty.com\/?page_id=2","name":"Nosotros -","isPartOf":{"@id":"https:\/\/vegabonty.com\/#website"},"primaryImageOfPage":{"@id":"https:\/\/vegabonty.com\/?page_id=2#primaryimage"},"image":{"@id":"https:\/\/vegabonty.com\/?page_id=2#primaryimage"},"thumbnailUrl":"http:\/\/vegabonty.com\/wp-content\/uploads\/2016\/12\/autumn-1874016_12801-1-1024x685.jpg","datePublished":"2025-05-19T16:02:44+00:00","dateModified":"2025-06-16T21:49:46+00:00","breadcrumb":{"@id":"https:\/\/vegabonty.com\/?page_id=2#breadcrumb"},"inLanguage":"es","potentialAction":[{"@type":"ReadAction","target":["https:\/\/vegabonty.com\/?page_id=2"]}]},{"@type":"ImageObject","inLanguage":"es","@id":"https:\/\/vegabonty.com\/?page_id=2#primaryimage","url":"http:\/\/vegabonty.com\/wp-content\/uploads\/2016\/12\/autumn-1874016_12801-1-1024x685.jpg","contentUrl":"http:\/\/vegabonty.com\/wp-content\/uploads\/2016\/12\/autumn-1874016_12801-1-1024x685.jpg"},{"@type":"BreadcrumbList","@id":"https:\/\/vegabonty.com\/?page_id=2#breadcrumb","itemListElement":[{"@type":"ListItem","position":1,"name":"Portada","item":"https:\/\/vegabonty.com\/"},{"@type":"ListItem","position":2,"name":"Nosotros"}]},{"@type":"WebSite","@id":"https:\/\/vegabonty.com\/#website","url":"https:\/\/vegabonty.com\/","name":"","description":"","potentialAction":[{"@type":"SearchAction","target":{"@type":"EntryPoint","urlTemplate":"https:\/\/vegabonty.com\/?s={search_term_string}"},"query-input":{"@type":"PropertyValueSpecification","valueRequired":true,"valueName":"search_term_string"}}],"inLanguage":"es"}]}},"_links":{"self":[{"href":"https:\/\/vegabonty.com\/index.php?rest_route=\/wp\/v2\/pages\/2","targetHints":{"allow":["GET"]}}],"collection":[{"href":"https:\/\/vegabonty.com\/index.php?rest_route=\/wp\/v2\/pages"}],"about":[{"href":"https:\/\/vegabonty.com\/index.php?rest_route=\/wp\/v2\/types\/page"}],"author":[{"embeddable":true,"href":"https:\/\/vegabonty.com\/index.php?rest_route=\/wp\/v2\/users\/1"}],"replies":[{"embeddable":true,"href":"https:\/\/vegabonty.com\/index.php?rest_route=%2Fwp%2Fv2%2Fcomments&post=2"}],"version-history":[{"count":18,"href":"https:\/\/vegabonty.com\/index.php?rest_route=\/wp\/v2\/pages\/2\/revisions"}],"predecessor-version":[{"id":888,"href":"https:\/\/vegabonty.com\/index.php?rest_route=\/wp\/v2\/pages\/2\/revisions\/888"}],"wp:attachment":[{"href":"https:\/\/vegabonty.com\/index.php?rest_route=%2Fwp%2Fv2%2Fmedia&parent=2"}],"curies":[{"name":"wp","href":"https:\/\/api.w.org\/{rel}","templated":true}]}}