{"id":458,"date":"2025-05-22T13:53:32","date_gmt":"2025-05-22T11:53:32","guid":{"rendered":"http:\/\/vegabonty.com\/?page_id=458"},"modified":"2025-06-14T20:24:35","modified_gmt":"2025-06-14T18:24:35","slug":"slider","status":"publish","type":"page","link":"https:\/\/vegabonty.com\/","title":{"rendered":""},"content":{"rendered":"\n\n\n\n\n<hr \/>\n\n\n\n<blockquote class=\"wp-block-quote is-layout-flow wp-block-quote-is-layout-flow\">\n<p class=\"has-large-font-size wp-block-paragraph\">Pasteler\u00eda saludable, sin lactosa, sin huevo, vegana!<\/p>\n<\/blockquote>\n\n\n\n<div class=\"wp-block-columns is-layout-flex wp-container-core-columns-is-layout-7387b849 wp-block-columns-is-layout-flex\">\n<div class=\"wp-block-column is-layout-flow wp-block-column-is-layout-flow\">\n<figure class=\"wp-block-image size-large\"><img loading=\"lazy\" decoding=\"async\" width=\"683\" height=\"1024\" src=\"https:\/\/vegabonty.com\/wp-content\/uploads\/2025\/05\/WhatsApp-Image-2025-05-20-at-16.46.30-683x1024.jpeg\" alt=\"\" class=\"wp-image-487\" srcset=\"https:\/\/vegabonty.com\/wp-content\/uploads\/2025\/05\/WhatsApp-Image-2025-05-20-at-16.46.30-683x1024.jpeg 683w, https:\/\/vegabonty.com\/wp-content\/uploads\/2025\/05\/WhatsApp-Image-2025-05-20-at-16.46.30-200x300.jpeg 200w, https:\/\/vegabonty.com\/wp-content\/uploads\/2025\/05\/WhatsApp-Image-2025-05-20-at-16.46.30-768x1152.jpeg 768w, https:\/\/vegabonty.com\/wp-content\/uploads\/2025\/05\/WhatsApp-Image-2025-05-20-at-16.46.30-1024x1536.jpeg 1024w, https:\/\/vegabonty.com\/wp-content\/uploads\/2025\/05\/WhatsApp-Image-2025-05-20-at-16.46.30-416x624.jpeg 416w, https:\/\/vegabonty.com\/wp-content\/uploads\/2025\/05\/WhatsApp-Image-2025-05-20-at-16.46.30.jpeg 1365w\" sizes=\"auto, (max-width: 683px) 100vw, 683px\" \/><\/figure>\n\n\n\n<h2 class=\"wp-block-heading\">Tartas<\/h2>\n\n\n\n<p class=\"wp-block-paragraph\">Somos una empresa 100% vegana con varios objetivos:<br>Lo vegano no tiene por que ser caro, y por ser vegano, cualquier tarta o dulce que se pueda elaborar no deja de ser delicioso<\/p>\n\n\n\n<p class=\"wp-block-paragraph\">&nbsp;<\/p>\n\n\n\n<div class=\"wp-block-buttons is-layout-flex wp-block-buttons-is-layout-flex\">\n<div class=\"wp-block-button\"><a class=\"wp-block-button__link wp-element-button\" href=\"https:\/\/vegabonty.com\/?page_id=540\">Ver mas<\/a><\/div>\n<\/div>\n<\/div>\n\n\n\n<div class=\"wp-block-column is-layout-flow wp-block-column-is-layout-flow\">\n<figure class=\"wp-block-image size-large\"><img loading=\"lazy\" decoding=\"async\" width=\"683\" height=\"1024\" src=\"https:\/\/vegabonty.com\/wp-content\/uploads\/2025\/05\/WhatsApp-Image-2025-05-20-at-16.45.28-2-683x1024.jpeg\" alt=\"\" class=\"wp-image-471\" srcset=\"https:\/\/vegabonty.com\/wp-content\/uploads\/2025\/05\/WhatsApp-Image-2025-05-20-at-16.45.28-2-683x1024.jpeg 683w, https:\/\/vegabonty.com\/wp-content\/uploads\/2025\/05\/WhatsApp-Image-2025-05-20-at-16.45.28-2-200x300.jpeg 200w, https:\/\/vegabonty.com\/wp-content\/uploads\/2025\/05\/WhatsApp-Image-2025-05-20-at-16.45.28-2-768x1152.jpeg 768w, https:\/\/vegabonty.com\/wp-content\/uploads\/2025\/05\/WhatsApp-Image-2025-05-20-at-16.45.28-2-1024x1536.jpeg 1024w, https:\/\/vegabonty.com\/wp-content\/uploads\/2025\/05\/WhatsApp-Image-2025-05-20-at-16.45.28-2-416x624.jpeg 416w, https:\/\/vegabonty.com\/wp-content\/uploads\/2025\/05\/WhatsApp-Image-2025-05-20-at-16.45.28-2.jpeg 1365w\" sizes=\"auto, (max-width: 683px) 100vw, 683px\" \/><\/figure>\n\n\n\n<h2 class=\"wp-block-heading\">Postres<\/h2>\n\n\n\n<p class=\"wp-block-paragraph\">Significa que todo en nuestro obrador es 100% vegetal.<br>No contiene productos de animal como por ejemplo leche, miel, huevo, manteca de cerdo etc.<br>Contienen gluten, frutos secos y otros ingredientes de origen vegetal.<\/p>\n\n\n\n<div class=\"wp-block-buttons is-layout-flex wp-block-buttons-is-layout-flex\">\n<div class=\"wp-block-button\"><a class=\"wp-block-button__link wp-element-button\" href=\"https:\/\/vegabonty.com\/?page_id=542\">Ver mas<\/a><\/div>\n<\/div>\n<\/div>\n\n\n\n<div class=\"wp-block-column is-layout-flow wp-block-column-is-layout-flow\">\n<figure class=\"wp-block-image size-large\"><img loading=\"lazy\" decoding=\"async\" width=\"683\" height=\"1024\" src=\"https:\/\/vegabonty.com\/wp-content\/uploads\/2025\/05\/WhatsApp-Image-2025-05-20-at-16.44.12-683x1024.jpeg\" alt=\"\" class=\"wp-image-486\" srcset=\"https:\/\/vegabonty.com\/wp-content\/uploads\/2025\/05\/WhatsApp-Image-2025-05-20-at-16.44.12-683x1024.jpeg 683w, https:\/\/vegabonty.com\/wp-content\/uploads\/2025\/05\/WhatsApp-Image-2025-05-20-at-16.44.12-200x300.jpeg 200w, https:\/\/vegabonty.com\/wp-content\/uploads\/2025\/05\/WhatsApp-Image-2025-05-20-at-16.44.12-768x1152.jpeg 768w, https:\/\/vegabonty.com\/wp-content\/uploads\/2025\/05\/WhatsApp-Image-2025-05-20-at-16.44.12-1024x1536.jpeg 1024w, https:\/\/vegabonty.com\/wp-content\/uploads\/2025\/05\/WhatsApp-Image-2025-05-20-at-16.44.12-416x624.jpeg 416w, https:\/\/vegabonty.com\/wp-content\/uploads\/2025\/05\/WhatsApp-Image-2025-05-20-at-16.44.12.jpeg 1365w\" sizes=\"auto, (max-width: 683px) 100vw, 683px\" \/><\/figure>\n\n\n\n<h2 class=\"wp-block-heading\">Boller\u00eda<\/h2>\n\n\n\n<p class=\"wp-block-paragraph\">Descubre nuestra propuesta de desayunos gourmet a domicilio<br>Disfruta de un desayuno gourmet, cu\u00e1ndo y c\u00f3mo quieras.<br>D\u00e9jate sorprender por nuestros postres y desayunos de autor.<br><br><\/p>\n\n\n\n<div class=\"wp-block-buttons is-layout-flex wp-block-buttons-is-layout-flex\">\n<div class=\"wp-block-button\"><a class=\"wp-block-button__link wp-element-button\" href=\"https:\/\/vegabonty.com\/?page_id=544\">Ver mas<\/a><\/div>\n<\/div>\n<\/div>\n<\/div>\n\n\n\n<p class=\"wp-block-paragraph\">&nbsp;<\/p>\n\n\n<div id=\"metaslider-id-495\" style=\"width: 100%; margin: 0 auto;\" class=\"ml-slider-3-107-0 metaslider metaslider-flex metaslider-495 ml-slider has-dots-nav has-carousel-mode ms-theme-outline\" role=\"region\" aria-label=\"Nueva presentaci\u00f3n de diapositivas\" data-height=\"300\" data-width=\"300\">\n    <div id=\"metaslider_container_495\">\n        <div id=\"metaslider_495\">\n            <ul class='slides'>\n                <li style=\"display: none; width: 100%;\" class=\"slide-503 ms-image \" aria-roledescription=\"slide\" data-date=\"2025-05-26 21:22:09\" data-filename=\"WhatsApp-Image-2025-05-20-at-16.46.30-2-300x300.jpg\" data-slide-type=\"image\"><img loading=\"lazy\" decoding=\"async\" src=\"https:\/\/vegabonty.com\/wp-content\/uploads\/2025\/05\/WhatsApp-Image-2025-05-20-at-16.46.30-2-300x300.jpg\" height=\"300\" width=\"300\" alt=\"\" class=\"slider-495 slide-503 msDefaultImage\" title=\"WhatsApp Image 2025-05-20 at 16.46.30 (2)\" \/><div class=\"caption-wrap\"><div class=\"caption\"><div>Tartas para fiestas y eventos<\/div><\/div><\/div><\/li>\n                <li style=\"display: none; width: 100%;\" class=\"slide-502 ms-image \" aria-roledescription=\"slide\" data-date=\"2025-05-26 21:22:09\" data-filename=\"WhatsApp-Image-2025-05-20-at-16.45.28-2-300x300.jpeg\" data-slide-type=\"image\"><img loading=\"lazy\" decoding=\"async\" src=\"https:\/\/vegabonty.com\/wp-content\/uploads\/2025\/05\/WhatsApp-Image-2025-05-20-at-16.45.28-2-300x300.jpeg\" height=\"300\" width=\"300\" alt=\"\" class=\"slider-495 slide-502 msDefaultImage\" title=\"WhatsApp Image 2025-05-20 at 16.45.28 (2)\" \/><div class=\"caption-wrap\"><div class=\"caption\"><div>Mini Cakes<\/div><\/div><\/div><\/li>\n                <li style=\"display: none; width: 100%;\" class=\"slide-501 ms-image \" aria-roledescription=\"slide\" data-date=\"2025-05-26 21:22:09\" data-filename=\"Rollitos-Canela-300x300.png\" data-slide-type=\"image\"><img loading=\"lazy\" decoding=\"async\" src=\"https:\/\/vegabonty.com\/wp-content\/uploads\/2025\/06\/Rollitos-Canela-300x300.png\" height=\"300\" width=\"300\" alt=\"\" class=\"slider-495 slide-501 msDefaultImage\" title=\"Rollitos Canela\" \/><div class=\"caption-wrap\"><div class=\"caption\"><div>Bolleria<\/div><\/div><\/div><\/li>\n                <li style=\"display: none; width: 100%;\" class=\"slide-500 ms-image \" aria-roledescription=\"slide\" data-date=\"2025-05-26 21:22:08\" data-filename=\"tarta-evento-3-scaled-300x300.jpg\" data-slide-type=\"image\"><img loading=\"lazy\" decoding=\"async\" src=\"https:\/\/vegabonty.com\/wp-content\/uploads\/2025\/06\/tarta-evento-3-scaled-300x300.jpg\" height=\"300\" width=\"300\" alt=\"\" class=\"slider-495 slide-500 msDefaultImage\" title=\"tarta evento 3\" \/><div class=\"caption-wrap\"><div class=\"caption\"><div>Tartas personalizadas<\/div><\/div><\/div><\/li>\n                <li style=\"display: none; width: 100%;\" class=\"slide-504 ms-image \" aria-roledescription=\"slide\" data-date=\"2025-05-26 21:23:00\" data-filename=\"RAW-cheesecake-arandanos-2-scaled-300x300.jpg\" data-slide-type=\"image\"><img loading=\"lazy\" decoding=\"async\" src=\"https:\/\/vegabonty.com\/wp-content\/uploads\/2025\/06\/RAW-cheesecake-arandanos-2-scaled-300x300.jpg\" height=\"300\" width=\"300\" alt=\"\" class=\"slider-495 slide-504 msDefaultImage\" title=\"RAW cheesecake ar\u00e1ndanos 2\" \/><div class=\"caption-wrap\"><div class=\"caption\"><div>Delicias y sabores<\/div><\/div><\/div><\/li>\n                <li style=\"display: none; width: 100%;\" class=\"slide-505 ms-image \" aria-roledescription=\"slide\" data-date=\"2025-05-26 21:23:00\" data-filename=\"WhatsApp-Image-2025-05-20-at-16.46.31-1-300x300.jpeg\" data-slide-type=\"image\"><img loading=\"lazy\" decoding=\"async\" src=\"https:\/\/vegabonty.com\/wp-content\/uploads\/2025\/05\/WhatsApp-Image-2025-05-20-at-16.46.31-1-300x300.jpeg\" height=\"300\" width=\"300\" alt=\"\" class=\"slider-495 slide-505 msDefaultImage\" title=\"WhatsApp Image 2025-05-20 at 16.46.31 (1)\" \/><div class=\"caption-wrap\"><div class=\"caption\"><div>Pasteles y dulces<\/div><\/div><\/div><\/li>\n                <li style=\"display: none; width: 100%;\" class=\"slide-506 ms-image \" aria-roledescription=\"slide\" data-date=\"2025-05-26 21:23:00\" data-filename=\"WhatsApp-Image-2025-05-20-at-16.45.12-1-300x300.jpeg\" data-slide-type=\"image\"><img loading=\"lazy\" decoding=\"async\" src=\"https:\/\/vegabonty.com\/wp-content\/uploads\/2025\/05\/WhatsApp-Image-2025-05-20-at-16.45.12-1-300x300.jpeg\" height=\"300\" width=\"300\" alt=\"\" class=\"slider-495 slide-506 msDefaultImage\" title=\"WhatsApp Image 2025-05-20 at 16.45.12 (1)\" \/><div class=\"caption-wrap\"><div class=\"caption\"><div>Postres para hoteles<\/div><\/div><\/div><\/li>\n                <li style=\"display: none; width: 100%;\" class=\"slide-508 ms-image \" aria-roledescription=\"slide\" data-date=\"2025-05-26 21:23:00\" data-filename=\"Kinderito-300x300.png\" data-slide-type=\"image\"><img loading=\"lazy\" decoding=\"async\" src=\"https:\/\/vegabonty.com\/wp-content\/uploads\/2025\/06\/Kinderito-300x300.png\" height=\"300\" width=\"300\" alt=\"\" class=\"slider-495 slide-508 msDefaultImage\" title=\"Kinderito\" \/><div class=\"caption-wrap\"><div class=\"caption\"><div>Dulces clasicos<\/div><\/div><\/div><\/li>\n            <\/ul>\n        <\/div>\n        \n    <\/div>\n<\/div>\n\n\n\n<p class=\"wp-block-paragraph\"><\/p>\n","protected":false},"excerpt":{"rendered":"<p>Pasteler\u00eda saludable, sin lactosa, sin huevo, vegana! Tartas Somos una empresa 100% vegana con varios objetivos:Lo vegano no tiene por que ser caro, y por ser vegano, cualquier tarta o dulce que se pueda elaborar no deja de ser delicioso &nbsp; Postres Significa que todo en nuestro obrador es 100% vegetal.No contiene productos de animal [&hellip;]<\/p>\n","protected":false},"author":1,"featured_media":0,"parent":0,"menu_order":0,"comment_status":"closed","ping_status":"closed","template":"","meta":{"_crdt_document":"","footnotes":""},"class_list":["post-458","page","type-page","status-publish","hentry"],"_links":{"self":[{"href":"https:\/\/vegabonty.com\/index.php?rest_route=\/wp\/v2\/pages\/458","targetHints":{"allow":["GET"]}}],"collection":[{"href":"https:\/\/vegabonty.com\/index.php?rest_route=\/wp\/v2\/pages"}],"about":[{"href":"https:\/\/vegabonty.com\/index.php?rest_route=\/wp\/v2\/types\/page"}],"author":[{"embeddable":true,"href":"https:\/\/vegabonty.com\/index.php?rest_route=\/wp\/v2\/users\/1"}],"replies":[{"embeddable":true,"href":"https:\/\/vegabonty.com\/index.php?rest_route=%2Fwp%2Fv2%2Fcomments&post=458"}],"version-history":[{"count":39,"href":"https:\/\/vegabonty.com\/index.php?rest_route=\/wp\/v2\/pages\/458\/revisions"}],"predecessor-version":[{"id":880,"href":"https:\/\/vegabonty.com\/index.php?rest_route=\/wp\/v2\/pages\/458\/revisions\/880"}],"wp:attachment":[{"href":"https:\/\/vegabonty.com\/index.php?rest_route=%2Fwp%2Fv2%2Fmedia&parent=458"}],"curies":[{"name":"wp","href":"https:\/\/api.w.org\/{rel}","templated":true}]}}