{"id":540,"date":"2025-05-27T10:57:45","date_gmt":"2025-05-27T08:57:45","guid":{"rendered":"http:\/\/vegabonty.com\/?page_id=540"},"modified":"2025-06-06T20:26:51","modified_gmt":"2025-06-06T18:26:51","slug":"tartas-personalizadas","status":"publish","type":"page","link":"https:\/\/vegabonty.com\/?page_id=540","title":{"rendered":"Tartas personalizadas"},"content":{"rendered":"\n<h4 class=\"wp-block-heading\"><\/h4>\n\n\n<div class=\"wp-block-image\">\n<figure class=\"alignright size-large is-resized\"><img loading=\"lazy\" decoding=\"async\" width=\"1365\" height=\"1366\" src=\"https:\/\/vegabonty.com\/wp-content\/uploads\/2025\/06\/WhatsApp-Image-2025-05-20-at-16.46.30-2-edited.jpeg\" alt=\"\" class=\"wp-image-732\" style=\"width:373px;height:auto\" srcset=\"https:\/\/vegabonty.com\/wp-content\/uploads\/2025\/06\/WhatsApp-Image-2025-05-20-at-16.46.30-2-edited.jpeg 1365w, https:\/\/vegabonty.com\/wp-content\/uploads\/2025\/06\/WhatsApp-Image-2025-05-20-at-16.46.30-2-edited-300x300.jpeg 300w, https:\/\/vegabonty.com\/wp-content\/uploads\/2025\/06\/WhatsApp-Image-2025-05-20-at-16.46.30-2-edited-1024x1024.jpeg 1024w, https:\/\/vegabonty.com\/wp-content\/uploads\/2025\/06\/WhatsApp-Image-2025-05-20-at-16.46.30-2-edited-150x150.jpeg 150w, https:\/\/vegabonty.com\/wp-content\/uploads\/2025\/06\/WhatsApp-Image-2025-05-20-at-16.46.30-2-edited-768x769.jpeg 768w, https:\/\/vegabonty.com\/wp-content\/uploads\/2025\/06\/WhatsApp-Image-2025-05-20-at-16.46.30-2-edited-324x324.jpeg 324w, https:\/\/vegabonty.com\/wp-content\/uploads\/2025\/06\/WhatsApp-Image-2025-05-20-at-16.46.30-2-edited-416x416.jpeg 416w, https:\/\/vegabonty.com\/wp-content\/uploads\/2025\/06\/WhatsApp-Image-2025-05-20-at-16.46.30-2-edited-100x100.jpeg 100w\" sizes=\"auto, (max-width: 1365px) 100vw, 1365px\" \/><\/figure>\n<\/div>\n\n\n<p class=\"wp-block-paragraph\">A todos nos encanta disfrutar de los sabores de una buena tarta, pero tambi\u00e9n nos gusta y mucho ver lo bonita que ha quedado cuando vamos a retirarla. <br>Es por eso que Nosotros disfrutamos personalizando vuestra tarta seg\u00fan vuestra imaginaci\u00f3n y pedido. <\/p>\n\n\n\n<p class=\"wp-block-paragraph\">Hacemos tartas para Eventos Especiales, Cumplea\u00f1os, Bodas, Comuniones y otros tantos eventos que merezcan disfrutar y saborear una rica tarta con amigos o familia.<br> Cons\u00faltanos, nos dices los sabores, pensamos el dise\u00f1o y hacemos tu tarta<\/p>\n\n\n\n<h4 class=\"wp-block-heading\"><\/h4>\n\n\n\n<blockquote class=\"wp-block-quote is-layout-flow wp-block-quote-is-layout-flow\">\n<p class=\"has-medium-font-size wp-block-paragraph\">Personalizamos tus tartas para eventos solo tienes que elegir los sabores, la decoraci\u00f3n y nosotros nos encargamos del resto, te esperamos&#8230;<\/p>\n<\/blockquote>\n\n\n<div class=\"wp-block-image\">\n<figure class=\"alignleft size-large is-resized\"><img loading=\"lazy\" decoding=\"async\" width=\"1365\" height=\"1366\" src=\"https:\/\/vegabonty.com\/wp-content\/uploads\/2025\/06\/WhatsApp-Image-2025-05-20-at-16.46.31-1-edited.jpeg\" alt=\"\" class=\"wp-image-733\" style=\"width:337px;height:auto\" srcset=\"https:\/\/vegabonty.com\/wp-content\/uploads\/2025\/06\/WhatsApp-Image-2025-05-20-at-16.46.31-1-edited.jpeg 1365w, https:\/\/vegabonty.com\/wp-content\/uploads\/2025\/06\/WhatsApp-Image-2025-05-20-at-16.46.31-1-edited-300x300.jpeg 300w, https:\/\/vegabonty.com\/wp-content\/uploads\/2025\/06\/WhatsApp-Image-2025-05-20-at-16.46.31-1-edited-1024x1024.jpeg 1024w, https:\/\/vegabonty.com\/wp-content\/uploads\/2025\/06\/WhatsApp-Image-2025-05-20-at-16.46.31-1-edited-150x150.jpeg 150w, https:\/\/vegabonty.com\/wp-content\/uploads\/2025\/06\/WhatsApp-Image-2025-05-20-at-16.46.31-1-edited-768x769.jpeg 768w, https:\/\/vegabonty.com\/wp-content\/uploads\/2025\/06\/WhatsApp-Image-2025-05-20-at-16.46.31-1-edited-324x324.jpeg 324w, https:\/\/vegabonty.com\/wp-content\/uploads\/2025\/06\/WhatsApp-Image-2025-05-20-at-16.46.31-1-edited-416x416.jpeg 416w, https:\/\/vegabonty.com\/wp-content\/uploads\/2025\/06\/WhatsApp-Image-2025-05-20-at-16.46.31-1-edited-100x100.jpeg 100w\" sizes=\"auto, (max-width: 1365px) 100vw, 1365px\" \/><\/figure>\n<\/div>\n\n\n<p class=\"has-normal-font-size wp-block-paragraph\">Tenemos tambi\u00e9n una buena cantidad de tartas y sabores que hacemos de manera habitual y que puedes disfrutar en la tienda f\u00edsica o consultar de manera online en nuestra tienda virtual. <br><br>Bomba de Chocolate, Cheescake, Tarta Lotus y otras tantas que podemos preparar en distintos tama\u00f1os, te esperamos y esperamos que las disfrutes.<\/p>\n\n\n\n<p class=\"wp-block-paragraph\"><\/p>\n\n\n\n<p class=\"wp-block-paragraph\"><\/p>\n","protected":false},"excerpt":{"rendered":"<p>A todos nos encanta disfrutar de los sabores de una buena tarta, pero tambi\u00e9n nos gusta y mucho ver lo bonita que ha quedado cuando vamos a retirarla. Es por eso que Nosotros disfrutamos personalizando vuestra tarta seg\u00fan vuestra imaginaci\u00f3n y pedido. Hacemos tartas para Eventos Especiales, Cumplea\u00f1os, Bodas, Comuniones y otros tantos eventos que [&hellip;]<\/p>\n","protected":false},"author":1,"featured_media":0,"parent":0,"menu_order":0,"comment_status":"closed","ping_status":"closed","template":"","meta":{"_crdt_document":"","footnotes":""},"class_list":["post-540","page","type-page","status-publish","hentry"],"_links":{"self":[{"href":"https:\/\/vegabonty.com\/index.php?rest_route=\/wp\/v2\/pages\/540","targetHints":{"allow":["GET"]}}],"collection":[{"href":"https:\/\/vegabonty.com\/index.php?rest_route=\/wp\/v2\/pages"}],"about":[{"href":"https:\/\/vegabonty.com\/index.php?rest_route=\/wp\/v2\/types\/page"}],"author":[{"embeddable":true,"href":"https:\/\/vegabonty.com\/index.php?rest_route=\/wp\/v2\/users\/1"}],"replies":[{"embeddable":true,"href":"https:\/\/vegabonty.com\/index.php?rest_route=%2Fwp%2Fv2%2Fcomments&post=540"}],"version-history":[{"count":9,"href":"https:\/\/vegabonty.com\/index.php?rest_route=\/wp\/v2\/pages\/540\/revisions"}],"predecessor-version":[{"id":739,"href":"https:\/\/vegabonty.com\/index.php?rest_route=\/wp\/v2\/pages\/540\/revisions\/739"}],"wp:attachment":[{"href":"https:\/\/vegabonty.com\/index.php?rest_route=%2Fwp%2Fv2%2Fmedia&parent=540"}],"curies":[{"name":"wp","href":"https:\/\/api.w.org\/{rel}","templated":true}]}}