{"id":817,"date":"2025-06-10T13:56:40","date_gmt":"2025-06-10T11:56:40","guid":{"rendered":"http:\/\/vegabonty.com\/?page_id=817"},"modified":"2025-06-10T14:08:20","modified_gmt":"2025-06-10T12:08:20","slug":"productos","status":"publish","type":"page","link":"https:\/\/vegabonty.com\/?page_id=817","title":{"rendered":"Productos"},"content":{"rendered":"\n<h4 class=\"wp-block-heading\">Tartas<\/h4>\n\n\n\n<blockquote class=\"wp-block-quote is-layout-flow wp-block-quote-is-layout-flow\">\n<p class=\"has-medium-font-size wp-block-paragraph\">Tenemos una gran variedad de tartas, y adem\u00e1s de nuestra variedad, podemos tambi\u00e9n prepara la tarta que nos pidan, con el sabor y decoraci\u00f3n que mas os guste<\/p>\n<\/blockquote>\n\n\n\n<div class=\"wp-block-media-text is-stacked-on-mobile\" style=\"grid-template-columns:33% auto\"><figure class=\"wp-block-media-text__media\"><img loading=\"lazy\" decoding=\"async\" width=\"683\" height=\"1024\" src=\"https:\/\/vegabonty.com\/wp-content\/uploads\/2025\/06\/WhatsApp-Image-2025-05-20-at-16.45.12-683x1024.jpeg\" alt=\"\" class=\"wp-image-818 size-full\" srcset=\"https:\/\/vegabonty.com\/wp-content\/uploads\/2025\/06\/WhatsApp-Image-2025-05-20-at-16.45.12-683x1024.jpeg 683w, https:\/\/vegabonty.com\/wp-content\/uploads\/2025\/06\/WhatsApp-Image-2025-05-20-at-16.45.12-200x300.jpeg 200w, https:\/\/vegabonty.com\/wp-content\/uploads\/2025\/06\/WhatsApp-Image-2025-05-20-at-16.45.12-768x1152.jpeg 768w, https:\/\/vegabonty.com\/wp-content\/uploads\/2025\/06\/WhatsApp-Image-2025-05-20-at-16.45.12-1024x1536.jpeg 1024w, https:\/\/vegabonty.com\/wp-content\/uploads\/2025\/06\/WhatsApp-Image-2025-05-20-at-16.45.12-416x624.jpeg 416w, https:\/\/vegabonty.com\/wp-content\/uploads\/2025\/06\/WhatsApp-Image-2025-05-20-at-16.45.12.jpeg 1365w\" sizes=\"auto, (max-width: 683px) 100vw, 683px\" \/><\/figure><div class=\"wp-block-media-text__content\">\n<p class=\"wp-block-paragraph\">Nuestra variedad de tartas, las pod\u00e9is ver en nuestra tienda f\u00edsica y aqu\u00ed en nuestra tienda on line, y todas en varios tama\u00f1os<\/p>\n\n\n\n<p class=\"wp-block-paragraph\">Tambi\u00e9n hacemos tartas para cumplea\u00f1os, festejos y todo tipo de eventos, nada mas bonito que compartir algo rico con amigos o familia, disfrutando un buen momento<\/p>\n\n\n\n<p class=\"wp-block-paragraph\">Distribuimos nuestras tartas a Restaurantes, Hoteles y tiendas gastron\u00f3micas, todos nuestros productos son Veganos, y sin lactosa <\/p>\n<\/div><\/div>\n\n\n\n<h4 class=\"wp-block-heading\">Bolleria<\/h4>\n\n\n<div class=\"wp-block-image\">\n<figure class=\"alignright size-large is-resized\"><img loading=\"lazy\" decoding=\"async\" width=\"1024\" height=\"683\" src=\"https:\/\/vegabonty.com\/wp-content\/uploads\/2025\/05\/WhatsApp-Image-2025-05-20-at-16.45.49-3-1024x683.jpeg\" alt=\"\" class=\"wp-image-515\" style=\"width:244px;height:auto\" srcset=\"https:\/\/vegabonty.com\/wp-content\/uploads\/2025\/05\/WhatsApp-Image-2025-05-20-at-16.45.49-3-1024x683.jpeg 1024w, https:\/\/vegabonty.com\/wp-content\/uploads\/2025\/05\/WhatsApp-Image-2025-05-20-at-16.45.49-3-300x200.jpeg 300w, https:\/\/vegabonty.com\/wp-content\/uploads\/2025\/05\/WhatsApp-Image-2025-05-20-at-16.45.49-3-768x512.jpeg 768w, https:\/\/vegabonty.com\/wp-content\/uploads\/2025\/05\/WhatsApp-Image-2025-05-20-at-16.45.49-3-1536x1024.jpeg 1536w, https:\/\/vegabonty.com\/wp-content\/uploads\/2025\/05\/WhatsApp-Image-2025-05-20-at-16.45.49-3-416x277.jpeg 416w, https:\/\/vegabonty.com\/wp-content\/uploads\/2025\/05\/WhatsApp-Image-2025-05-20-at-16.45.49-3.jpeg 2048w\" sizes=\"auto, (max-width: 1024px) 100vw, 1024px\" \/><\/figure>\n<\/div>\n\n\n<p class=\"wp-block-paragraph\">Si, tambi\u00e9n producimos boller\u00eda!!!, excelentes productos para acompa\u00f1ar un buen desayuno o una merienda, productos que como todos en nuestra tienda son VEGANOS y SIN LACTOSA. <br><br>Recuerda que todos nuestros productos pueden retirarse en tienda o enviarse a cualquier parte de Espa\u00f1a.<\/p>\n\n\n\n<p class=\"wp-block-paragraph\">Si eres del rubro hosteler\u00eda podemos preparar tu pedido y despacharlo para que tus clientes tambi\u00e9n los puedan disfrutar.<\/p>\n\n\n\n<h4 class=\"wp-block-heading\">Galletas y dulces<\/h4>\n\n\n\n<blockquote class=\"wp-block-quote is-layout-flow wp-block-quote-is-layout-flow\">\n<p class=\"has-medium-font-size wp-block-paragraph\">Galletas y boller\u00eda vegana, y sin lactosa!!, puedes disfrutar de nuestras galletas y boller\u00eda tenemos con y sin relleno y varios gustos y sabores, tienes que probarlos!!<\/p>\n<\/blockquote>\n\n\n<div class=\"wp-block-image\">\n<figure class=\"alignleft size-large is-resized\"><img loading=\"lazy\" decoding=\"async\" width=\"683\" height=\"1024\" src=\"https:\/\/vegabonty.com\/wp-content\/uploads\/2025\/05\/WhatsApp-Image-2025-05-20-at-16.44.12-683x1024.jpeg\" alt=\"\" class=\"wp-image-486\" style=\"width:218px;height:auto\" srcset=\"https:\/\/vegabonty.com\/wp-content\/uploads\/2025\/05\/WhatsApp-Image-2025-05-20-at-16.44.12-683x1024.jpeg 683w, https:\/\/vegabonty.com\/wp-content\/uploads\/2025\/05\/WhatsApp-Image-2025-05-20-at-16.44.12-200x300.jpeg 200w, https:\/\/vegabonty.com\/wp-content\/uploads\/2025\/05\/WhatsApp-Image-2025-05-20-at-16.44.12-768x1152.jpeg 768w, https:\/\/vegabonty.com\/wp-content\/uploads\/2025\/05\/WhatsApp-Image-2025-05-20-at-16.44.12-1024x1536.jpeg 1024w, https:\/\/vegabonty.com\/wp-content\/uploads\/2025\/05\/WhatsApp-Image-2025-05-20-at-16.44.12-416x624.jpeg 416w, https:\/\/vegabonty.com\/wp-content\/uploads\/2025\/05\/WhatsApp-Image-2025-05-20-at-16.44.12.jpeg 1365w\" sizes=\"auto, (max-width: 683px) 100vw, 683px\" \/><\/figure>\n<\/div>\n\n\n<p class=\"wp-block-paragraph\">Tenemos una amplia variedad de galletas!!! <\/p>\n\n\n\n<p class=\"wp-block-paragraph\">Galletas simples o rellenas con pistacho, crema de almendras, chocolate blanco, y mas sabores. Realmente tienes que probarlas!! <br><\/p>\n\n\n\n<p class=\"wp-block-paragraph\">Tambien hacemos dulces clasicos de toda la vida como la famosa Pantera Rosa,  Kinderitos y  Tigretones. Brownies en diferentes versiones y sabores son productos muy pedidos!<\/p>\n\n\n\n<p class=\"wp-block-paragraph\">Si quieres disfrutar de dulces veganos o sin lactosa seguro encontraras en nuestra tiendas distintos sabores que te gustaran y que te encantar\u00e1 disfrutar<br><br>Estamos siempre innovando en sabores, texturas y preferencias, por eso no dejes de seguirnos en Instagram para ver nuestros nuevos productos, te vemos ah\u00ed o en nuestra tienda!!<\/p>\n\n\n\n<p class=\"wp-block-paragraph\"><\/p>\n","protected":false},"excerpt":{"rendered":"<p>Tartas Tenemos una gran variedad de tartas, y adem\u00e1s de nuestra variedad, podemos tambi\u00e9n prepara la tarta que nos pidan, con el sabor y decoraci\u00f3n que mas os guste Nuestra variedad de tartas, las pod\u00e9is ver en nuestra tienda f\u00edsica y aqu\u00ed en nuestra tienda on line, y todas en varios tama\u00f1os Tambi\u00e9n hacemos tartas [&hellip;]<\/p>\n","protected":false},"author":1,"featured_media":0,"parent":0,"menu_order":0,"comment_status":"closed","ping_status":"closed","template":"","meta":{"_crdt_document":"","footnotes":""},"class_list":["post-817","page","type-page","status-publish","hentry"],"yoast_head":"<!-- This site is optimized with the Yoast SEO plugin v27.4 - https:\/\/yoast.com\/product\/yoast-seo-wordpress\/ -->\n<title>Productos -<\/title>\n<meta name=\"robots\" content=\"index, follow, max-snippet:-1, max-image-preview:large, max-video-preview:-1\" \/>\n<link rel=\"canonical\" href=\"https:\/\/vegabonty.com\/?page_id=817\" \/>\n<meta property=\"og:locale\" content=\"es_ES\" \/>\n<meta property=\"og:type\" content=\"article\" \/>\n<meta property=\"og:title\" content=\"Productos -\" \/>\n<meta property=\"og:description\" content=\"Tartas Tenemos una gran variedad de tartas, y adem\u00e1s de nuestra variedad, podemos tambi\u00e9n prepara la tarta que nos pidan, con el sabor y decoraci\u00f3n que mas os guste Nuestra variedad de tartas, las pod\u00e9is ver en nuestra tienda f\u00edsica y aqu\u00ed en nuestra tienda on line, y todas en varios tama\u00f1os Tambi\u00e9n hacemos tartas [&hellip;]\" \/>\n<meta property=\"og:url\" content=\"https:\/\/vegabonty.com\/?page_id=817\" \/>\n<meta property=\"article:modified_time\" content=\"2025-06-10T12:08:20+00:00\" \/>\n<meta property=\"og:image\" content=\"http:\/\/vegabonty.com\/wp-content\/uploads\/2025\/06\/WhatsApp-Image-2025-05-20-at-16.45.12-683x1024.jpeg\" \/>\n<meta name=\"twitter:card\" content=\"summary_large_image\" \/>\n<meta name=\"twitter:label1\" content=\"Tiempo de lectura\" \/>\n\t<meta name=\"twitter:data1\" content=\"2 minutos\" \/>\n<script type=\"application\/ld+json\" class=\"yoast-schema-graph\">{\"@context\":\"https:\\\/\\\/schema.org\",\"@graph\":[{\"@type\":\"WebPage\",\"@id\":\"https:\\\/\\\/vegabonty.com\\\/?page_id=817\",\"url\":\"https:\\\/\\\/vegabonty.com\\\/?page_id=817\",\"name\":\"Productos -\",\"isPartOf\":{\"@id\":\"https:\\\/\\\/vegabonty.com\\\/#website\"},\"primaryImageOfPage\":{\"@id\":\"https:\\\/\\\/vegabonty.com\\\/?page_id=817#primaryimage\"},\"image\":{\"@id\":\"https:\\\/\\\/vegabonty.com\\\/?page_id=817#primaryimage\"},\"thumbnailUrl\":\"http:\\\/\\\/vegabonty.com\\\/wp-content\\\/uploads\\\/2025\\\/06\\\/WhatsApp-Image-2025-05-20-at-16.45.12-683x1024.jpeg\",\"datePublished\":\"2025-06-10T11:56:40+00:00\",\"dateModified\":\"2025-06-10T12:08:20+00:00\",\"breadcrumb\":{\"@id\":\"https:\\\/\\\/vegabonty.com\\\/?page_id=817#breadcrumb\"},\"inLanguage\":\"es\",\"potentialAction\":[{\"@type\":\"ReadAction\",\"target\":[\"https:\\\/\\\/vegabonty.com\\\/?page_id=817\"]}]},{\"@type\":\"ImageObject\",\"inLanguage\":\"es\",\"@id\":\"https:\\\/\\\/vegabonty.com\\\/?page_id=817#primaryimage\",\"url\":\"http:\\\/\\\/vegabonty.com\\\/wp-content\\\/uploads\\\/2025\\\/06\\\/WhatsApp-Image-2025-05-20-at-16.45.12-683x1024.jpeg\",\"contentUrl\":\"http:\\\/\\\/vegabonty.com\\\/wp-content\\\/uploads\\\/2025\\\/06\\\/WhatsApp-Image-2025-05-20-at-16.45.12-683x1024.jpeg\"},{\"@type\":\"BreadcrumbList\",\"@id\":\"https:\\\/\\\/vegabonty.com\\\/?page_id=817#breadcrumb\",\"itemListElement\":[{\"@type\":\"ListItem\",\"position\":1,\"name\":\"Portada\",\"item\":\"https:\\\/\\\/vegabonty.com\\\/\"},{\"@type\":\"ListItem\",\"position\":2,\"name\":\"Productos\"}]},{\"@type\":\"WebSite\",\"@id\":\"https:\\\/\\\/vegabonty.com\\\/#website\",\"url\":\"https:\\\/\\\/vegabonty.com\\\/\",\"name\":\"\",\"description\":\"\",\"potentialAction\":[{\"@type\":\"SearchAction\",\"target\":{\"@type\":\"EntryPoint\",\"urlTemplate\":\"https:\\\/\\\/vegabonty.com\\\/?s={search_term_string}\"},\"query-input\":{\"@type\":\"PropertyValueSpecification\",\"valueRequired\":true,\"valueName\":\"search_term_string\"}}],\"inLanguage\":\"es\"}]}<\/script>\n<!-- \/ Yoast SEO plugin. -->","yoast_head_json":{"title":"Productos -","robots":{"index":"index","follow":"follow","max-snippet":"max-snippet:-1","max-image-preview":"max-image-preview:large","max-video-preview":"max-video-preview:-1"},"canonical":"https:\/\/vegabonty.com\/?page_id=817","og_locale":"es_ES","og_type":"article","og_title":"Productos -","og_description":"Tartas Tenemos una gran variedad de tartas, y adem\u00e1s de nuestra variedad, podemos tambi\u00e9n prepara la tarta que nos pidan, con el sabor y decoraci\u00f3n que mas os guste Nuestra variedad de tartas, las pod\u00e9is ver en nuestra tienda f\u00edsica y aqu\u00ed en nuestra tienda on line, y todas en varios tama\u00f1os Tambi\u00e9n hacemos tartas [&hellip;]","og_url":"https:\/\/vegabonty.com\/?page_id=817","article_modified_time":"2025-06-10T12:08:20+00:00","og_image":[{"url":"http:\/\/vegabonty.com\/wp-content\/uploads\/2025\/06\/WhatsApp-Image-2025-05-20-at-16.45.12-683x1024.jpeg","type":"","width":"","height":""}],"twitter_card":"summary_large_image","twitter_misc":{"Tiempo de lectura":"2 minutos"},"schema":{"@context":"https:\/\/schema.org","@graph":[{"@type":"WebPage","@id":"https:\/\/vegabonty.com\/?page_id=817","url":"https:\/\/vegabonty.com\/?page_id=817","name":"Productos -","isPartOf":{"@id":"https:\/\/vegabonty.com\/#website"},"primaryImageOfPage":{"@id":"https:\/\/vegabonty.com\/?page_id=817#primaryimage"},"image":{"@id":"https:\/\/vegabonty.com\/?page_id=817#primaryimage"},"thumbnailUrl":"http:\/\/vegabonty.com\/wp-content\/uploads\/2025\/06\/WhatsApp-Image-2025-05-20-at-16.45.12-683x1024.jpeg","datePublished":"2025-06-10T11:56:40+00:00","dateModified":"2025-06-10T12:08:20+00:00","breadcrumb":{"@id":"https:\/\/vegabonty.com\/?page_id=817#breadcrumb"},"inLanguage":"es","potentialAction":[{"@type":"ReadAction","target":["https:\/\/vegabonty.com\/?page_id=817"]}]},{"@type":"ImageObject","inLanguage":"es","@id":"https:\/\/vegabonty.com\/?page_id=817#primaryimage","url":"http:\/\/vegabonty.com\/wp-content\/uploads\/2025\/06\/WhatsApp-Image-2025-05-20-at-16.45.12-683x1024.jpeg","contentUrl":"http:\/\/vegabonty.com\/wp-content\/uploads\/2025\/06\/WhatsApp-Image-2025-05-20-at-16.45.12-683x1024.jpeg"},{"@type":"BreadcrumbList","@id":"https:\/\/vegabonty.com\/?page_id=817#breadcrumb","itemListElement":[{"@type":"ListItem","position":1,"name":"Portada","item":"https:\/\/vegabonty.com\/"},{"@type":"ListItem","position":2,"name":"Productos"}]},{"@type":"WebSite","@id":"https:\/\/vegabonty.com\/#website","url":"https:\/\/vegabonty.com\/","name":"","description":"","potentialAction":[{"@type":"SearchAction","target":{"@type":"EntryPoint","urlTemplate":"https:\/\/vegabonty.com\/?s={search_term_string}"},"query-input":{"@type":"PropertyValueSpecification","valueRequired":true,"valueName":"search_term_string"}}],"inLanguage":"es"}]}},"_links":{"self":[{"href":"https:\/\/vegabonty.com\/index.php?rest_route=\/wp\/v2\/pages\/817","targetHints":{"allow":["GET"]}}],"collection":[{"href":"https:\/\/vegabonty.com\/index.php?rest_route=\/wp\/v2\/pages"}],"about":[{"href":"https:\/\/vegabonty.com\/index.php?rest_route=\/wp\/v2\/types\/page"}],"author":[{"embeddable":true,"href":"https:\/\/vegabonty.com\/index.php?rest_route=\/wp\/v2\/users\/1"}],"replies":[{"embeddable":true,"href":"https:\/\/vegabonty.com\/index.php?rest_route=%2Fwp%2Fv2%2Fcomments&post=817"}],"version-history":[{"count":6,"href":"https:\/\/vegabonty.com\/index.php?rest_route=\/wp\/v2\/pages\/817\/revisions"}],"predecessor-version":[{"id":825,"href":"https:\/\/vegabonty.com\/index.php?rest_route=\/wp\/v2\/pages\/817\/revisions\/825"}],"wp:attachment":[{"href":"https:\/\/vegabonty.com\/index.php?rest_route=%2Fwp%2Fv2%2Fmedia&parent=817"}],"curies":[{"name":"wp","href":"https:\/\/api.w.org\/{rel}","templated":true}]}}